{"id":257,"date":"2021-07-14T08:59:59","date_gmt":"2021-07-14T08:59:59","guid":{"rendered":"https:\/\/hof-vogel.de\/?page_id=257"},"modified":"2022-04-02T16:15:52","modified_gmt":"2022-04-02T16:15:52","slug":"backhaus","status":"publish","type":"page","link":"https:\/\/hof-vogel.de\/?page_id=257","title":{"rendered":"G\u00e4stezimmer im alten Backhaus"},"content":{"rendered":"\n<p>L\u00e4ndliches Idyll im frisch sanierten Backhaus von 1835<\/p>\n\n\n\n<p><strong>Im historischen Backhaus von 1835 k\u00f6nnen Sie sich ganz wie zu Hause f\u00fchlen. Frisch renoviert im Jahr 2022 genie\u00dfen Sie hier jeden Luxus des l\u00e4ndlichen Tourismus. Egal ob Sie die wundersch\u00f6ne Aussicht auf die Marsch und die Weser genie\u00dfen oder im Aktivtourismus die Erholung suchen, bei uns finden Sie beides. Der Weser-Rad-Wanderweg f\u00fchrt direkt bei uns am Hof entlang.<\/strong><\/p>\n\n\n\n<p>F\u00fcr Buchungsanfragen verwenden Sie bitte das Kontaktformular, rufen Sie uns gerne an oder nutzen folgenden Link:<\/p>\n\n\n\n<p><a href=\"https:\/\/resavio.com\/booking\/de\/2417\"><strong>Hier buchen!<\/strong><\/a><\/p>\n\n\n\n<figure class=\"wp-block-gallery has-nested-images columns-default is-cropped wp-block-gallery-1 is-layout-flex wp-block-gallery-is-layout-flex\">\n<figure class=\"wp-block-image size-large\"><img loading=\"lazy\" decoding=\"async\" width=\"768\" height=\"1024\" data-id=\"272\" src=\"https:\/\/hof-vogel.de\/wp-content\/uploads\/2022\/03\/Essbereich-Appartment-1-768x1024.jpeg\" alt=\"\" class=\"wp-image-272\" srcset=\"https:\/\/hof-vogel.de\/wp-content\/uploads\/2022\/03\/Essbereich-Appartment-1-768x1024.jpeg 768w, https:\/\/hof-vogel.de\/wp-content\/uploads\/2022\/03\/Essbereich-Appartment-1-225x300.jpeg 225w, https:\/\/hof-vogel.de\/wp-content\/uploads\/2022\/03\/Essbereich-Appartment-1-1152x1536.jpeg 1152w, https:\/\/hof-vogel.de\/wp-content\/uploads\/2022\/03\/Essbereich-Appartment-1-1536x2048.jpeg 1536w, https:\/\/hof-vogel.de\/wp-content\/uploads\/2022\/03\/Essbereich-Appartment-1-1200x1600.jpeg 1200w, https:\/\/hof-vogel.de\/wp-content\/uploads\/2022\/03\/Essbereich-Appartment-1-scaled.jpeg 1920w\" sizes=\"auto, (max-width: 768px) 85vw, 768px\" \/><\/figure>\n\n\n\n<figure class=\"wp-block-image size-large\"><img loading=\"lazy\" decoding=\"async\" width=\"768\" height=\"1024\" data-id=\"271\" src=\"https:\/\/hof-vogel.de\/wp-content\/uploads\/2022\/03\/Schlafbereich-Appartment-1-768x1024.jpeg\" alt=\"\" class=\"wp-image-271\" srcset=\"https:\/\/hof-vogel.de\/wp-content\/uploads\/2022\/03\/Schlafbereich-Appartment-1-768x1024.jpeg 768w, https:\/\/hof-vogel.de\/wp-content\/uploads\/2022\/03\/Schlafbereich-Appartment-1-225x300.jpeg 225w, https:\/\/hof-vogel.de\/wp-content\/uploads\/2022\/03\/Schlafbereich-Appartment-1-1152x1536.jpeg 1152w, https:\/\/hof-vogel.de\/wp-content\/uploads\/2022\/03\/Schlafbereich-Appartment-1-1536x2048.jpeg 1536w, https:\/\/hof-vogel.de\/wp-content\/uploads\/2022\/03\/Schlafbereich-Appartment-1-1200x1600.jpeg 1200w, https:\/\/hof-vogel.de\/wp-content\/uploads\/2022\/03\/Schlafbereich-Appartment-1-scaled.jpeg 1920w\" sizes=\"auto, (max-width: 768px) 85vw, 768px\" \/><\/figure>\n\n\n\n<figure class=\"wp-block-image size-large\"><img loading=\"lazy\" decoding=\"async\" width=\"768\" height=\"1024\" data-id=\"273\" src=\"https:\/\/hof-vogel.de\/wp-content\/uploads\/2022\/03\/Schlafbereich-Appartment-1--768x1024.jpeg\" alt=\"\" class=\"wp-image-273\" srcset=\"https:\/\/hof-vogel.de\/wp-content\/uploads\/2022\/03\/Schlafbereich-Appartment-1--768x1024.jpeg 768w, https:\/\/hof-vogel.de\/wp-content\/uploads\/2022\/03\/Schlafbereich-Appartment-1--225x300.jpeg 225w, https:\/\/hof-vogel.de\/wp-content\/uploads\/2022\/03\/Schlafbereich-Appartment-1--1152x1536.jpeg 1152w, https:\/\/hof-vogel.de\/wp-content\/uploads\/2022\/03\/Schlafbereich-Appartment-1--1536x2048.jpeg 1536w, https:\/\/hof-vogel.de\/wp-content\/uploads\/2022\/03\/Schlafbereich-Appartment-1--1200x1600.jpeg 1200w, https:\/\/hof-vogel.de\/wp-content\/uploads\/2022\/03\/Schlafbereich-Appartment-1--scaled.jpeg 1920w\" sizes=\"auto, (max-width: 768px) 85vw, 768px\" \/><\/figure>\n\n\n\n<figure class=\"wp-block-image size-large\"><img loading=\"lazy\" decoding=\"async\" width=\"768\" height=\"1024\" data-id=\"274\" src=\"https:\/\/hof-vogel.de\/wp-content\/uploads\/2022\/03\/Wohnzimmer-Appartment-1-768x1024.jpeg\" alt=\"\" class=\"wp-image-274\" srcset=\"https:\/\/hof-vogel.de\/wp-content\/uploads\/2022\/03\/Wohnzimmer-Appartment-1-768x1024.jpeg 768w, https:\/\/hof-vogel.de\/wp-content\/uploads\/2022\/03\/Wohnzimmer-Appartment-1-225x300.jpeg 225w, https:\/\/hof-vogel.de\/wp-content\/uploads\/2022\/03\/Wohnzimmer-Appartment-1-1152x1536.jpeg 1152w, https:\/\/hof-vogel.de\/wp-content\/uploads\/2022\/03\/Wohnzimmer-Appartment-1-1536x2048.jpeg 1536w, https:\/\/hof-vogel.de\/wp-content\/uploads\/2022\/03\/Wohnzimmer-Appartment-1-1200x1600.jpeg 1200w, https:\/\/hof-vogel.de\/wp-content\/uploads\/2022\/03\/Wohnzimmer-Appartment-1-scaled.jpeg 1920w\" sizes=\"auto, (max-width: 768px) 85vw, 768px\" \/><\/figure>\n<figcaption class=\"blocks-gallery-caption\">Appartment 1 im Erdgeschosss<\/figcaption><\/figure>\n\n\n\n<figure class=\"wp-block-gallery has-nested-images columns-default is-cropped wp-block-gallery-2 is-layout-flex wp-block-gallery-is-layout-flex\">\n<figure class=\"wp-block-image size-large\"><img loading=\"lazy\" decoding=\"async\" width=\"1024\" height=\"770\" data-id=\"269\" src=\"https:\/\/hof-vogel.de\/wp-content\/uploads\/2022\/03\/Aussenansicht-1024x770.jpeg\" alt=\"\" class=\"wp-image-269\" srcset=\"https:\/\/hof-vogel.de\/wp-content\/uploads\/2022\/03\/Aussenansicht-1024x770.jpeg 1024w, https:\/\/hof-vogel.de\/wp-content\/uploads\/2022\/03\/Aussenansicht-300x226.jpeg 300w, https:\/\/hof-vogel.de\/wp-content\/uploads\/2022\/03\/Aussenansicht-768x578.jpeg 768w, https:\/\/hof-vogel.de\/wp-content\/uploads\/2022\/03\/Aussenansicht-1536x1155.jpeg 1536w, https:\/\/hof-vogel.de\/wp-content\/uploads\/2022\/03\/Aussenansicht-1200x903.jpeg 1200w, https:\/\/hof-vogel.de\/wp-content\/uploads\/2022\/03\/Aussenansicht.jpeg 2026w\" sizes=\"auto, (max-width: 709px) 85vw, (max-width: 909px) 67vw, (max-width: 1362px) 62vw, 840px\" \/><\/figure>\n\n\n\n<figure class=\"wp-block-image size-large\"><img loading=\"lazy\" decoding=\"async\" width=\"768\" height=\"1024\" data-id=\"270\" src=\"https:\/\/hof-vogel.de\/wp-content\/uploads\/2022\/03\/Aussicht-768x1024.jpeg\" alt=\"\" class=\"wp-image-270\" srcset=\"https:\/\/hof-vogel.de\/wp-content\/uploads\/2022\/03\/Aussicht-768x1024.jpeg 768w, https:\/\/hof-vogel.de\/wp-content\/uploads\/2022\/03\/Aussicht-225x300.jpeg 225w, https:\/\/hof-vogel.de\/wp-content\/uploads\/2022\/03\/Aussicht-1152x1536.jpeg 1152w, https:\/\/hof-vogel.de\/wp-content\/uploads\/2022\/03\/Aussicht-1536x2048.jpeg 1536w, https:\/\/hof-vogel.de\/wp-content\/uploads\/2022\/03\/Aussicht-1200x1600.jpeg 1200w, https:\/\/hof-vogel.de\/wp-content\/uploads\/2022\/03\/Aussicht-scaled.jpeg 1920w\" sizes=\"auto, (max-width: 768px) 85vw, 768px\" \/><\/figure>\n<\/figure>\n\n\n\n<p>Urlaub direkt am sch\u00f6nen Weserradweg<\/p>\n\n\n\n<figure class=\"wp-block-image size-large\"><img loading=\"lazy\" decoding=\"async\" width=\"711\" height=\"1024\" src=\"https:\/\/hof-vogel.de\/wp-content\/uploads\/2021\/07\/IMG_3505-711x1024.jpg\" alt=\"\" class=\"wp-image-260\" srcset=\"https:\/\/hof-vogel.de\/wp-content\/uploads\/2021\/07\/IMG_3505-711x1024.jpg 711w, https:\/\/hof-vogel.de\/wp-content\/uploads\/2021\/07\/IMG_3505-208x300.jpg 208w, https:\/\/hof-vogel.de\/wp-content\/uploads\/2021\/07\/IMG_3505-768x1106.jpg 768w, https:\/\/hof-vogel.de\/wp-content\/uploads\/2021\/07\/IMG_3505-1067x1536.jpg 1067w, https:\/\/hof-vogel.de\/wp-content\/uploads\/2021\/07\/IMG_3505-1422x2048.jpg 1422w, https:\/\/hof-vogel.de\/wp-content\/uploads\/2021\/07\/IMG_3505-1200x1728.jpg 1200w, https:\/\/hof-vogel.de\/wp-content\/uploads\/2021\/07\/IMG_3505-scaled.jpg 1778w\" sizes=\"auto, (max-width: 711px) 85vw, 711px\" \/><\/figure>\n\n\n\n<figure class=\"wp-block-gallery has-nested-images columns-default is-cropped wp-block-gallery-3 is-layout-flex wp-block-gallery-is-layout-flex\">\n<figure class=\"wp-block-image size-large\"><img loading=\"lazy\" decoding=\"async\" width=\"768\" height=\"1024\" data-id=\"277\" src=\"https:\/\/hof-vogel.de\/wp-content\/uploads\/2022\/03\/Appartment-2-Wohnbereich-768x1024.jpeg\" alt=\"\" class=\"wp-image-277\" srcset=\"https:\/\/hof-vogel.de\/wp-content\/uploads\/2022\/03\/Appartment-2-Wohnbereich-768x1024.jpeg 768w, https:\/\/hof-vogel.de\/wp-content\/uploads\/2022\/03\/Appartment-2-Wohnbereich-225x300.jpeg 225w, https:\/\/hof-vogel.de\/wp-content\/uploads\/2022\/03\/Appartment-2-Wohnbereich-1152x1536.jpeg 1152w, https:\/\/hof-vogel.de\/wp-content\/uploads\/2022\/03\/Appartment-2-Wohnbereich-1536x2048.jpeg 1536w, https:\/\/hof-vogel.de\/wp-content\/uploads\/2022\/03\/Appartment-2-Wohnbereich-1200x1600.jpeg 1200w, https:\/\/hof-vogel.de\/wp-content\/uploads\/2022\/03\/Appartment-2-Wohnbereich-scaled.jpeg 1920w\" sizes=\"auto, (max-width: 768px) 85vw, 768px\" \/><\/figure>\n\n\n\n<figure class=\"wp-block-image size-large\"><img loading=\"lazy\" decoding=\"async\" width=\"768\" height=\"1024\" data-id=\"279\" src=\"https:\/\/hof-vogel.de\/wp-content\/uploads\/2022\/03\/Appartment-2-768x1024.jpeg\" alt=\"\" class=\"wp-image-279\" srcset=\"https:\/\/hof-vogel.de\/wp-content\/uploads\/2022\/03\/Appartment-2-768x1024.jpeg 768w, https:\/\/hof-vogel.de\/wp-content\/uploads\/2022\/03\/Appartment-2-225x300.jpeg 225w, https:\/\/hof-vogel.de\/wp-content\/uploads\/2022\/03\/Appartment-2-1152x1536.jpeg 1152w, https:\/\/hof-vogel.de\/wp-content\/uploads\/2022\/03\/Appartment-2-1536x2048.jpeg 1536w, https:\/\/hof-vogel.de\/wp-content\/uploads\/2022\/03\/Appartment-2-1200x1600.jpeg 1200w, https:\/\/hof-vogel.de\/wp-content\/uploads\/2022\/03\/Appartment-2-scaled.jpeg 1920w\" sizes=\"auto, (max-width: 768px) 85vw, 768px\" \/><\/figure>\n\n\n\n<figure class=\"wp-block-image size-large\"><img loading=\"lazy\" decoding=\"async\" width=\"768\" height=\"1024\" data-id=\"278\" src=\"https:\/\/hof-vogel.de\/wp-content\/uploads\/2022\/03\/Kueche-Appartment-2-768x1024.jpeg\" alt=\"\" class=\"wp-image-278\" srcset=\"https:\/\/hof-vogel.de\/wp-content\/uploads\/2022\/03\/Kueche-Appartment-2-768x1024.jpeg 768w, https:\/\/hof-vogel.de\/wp-content\/uploads\/2022\/03\/Kueche-Appartment-2-225x300.jpeg 225w, https:\/\/hof-vogel.de\/wp-content\/uploads\/2022\/03\/Kueche-Appartment-2-1152x1536.jpeg 1152w, https:\/\/hof-vogel.de\/wp-content\/uploads\/2022\/03\/Kueche-Appartment-2-1536x2048.jpeg 1536w, https:\/\/hof-vogel.de\/wp-content\/uploads\/2022\/03\/Kueche-Appartment-2-1200x1600.jpeg 1200w, https:\/\/hof-vogel.de\/wp-content\/uploads\/2022\/03\/Kueche-Appartment-2-scaled.jpeg 1920w\" sizes=\"auto, (max-width: 768px) 85vw, 768px\" \/><\/figure>\n\n\n\n<figure class=\"wp-block-image size-large\"><img loading=\"lazy\" decoding=\"async\" width=\"768\" height=\"1024\" data-id=\"276\" src=\"https:\/\/hof-vogel.de\/wp-content\/uploads\/2022\/03\/Schlafbereich-Appartment-2-768x1024.jpeg\" alt=\"\" class=\"wp-image-276\" srcset=\"https:\/\/hof-vogel.de\/wp-content\/uploads\/2022\/03\/Schlafbereich-Appartment-2-768x1024.jpeg 768w, https:\/\/hof-vogel.de\/wp-content\/uploads\/2022\/03\/Schlafbereich-Appartment-2-225x300.jpeg 225w, https:\/\/hof-vogel.de\/wp-content\/uploads\/2022\/03\/Schlafbereich-Appartment-2-1152x1536.jpeg 1152w, https:\/\/hof-vogel.de\/wp-content\/uploads\/2022\/03\/Schlafbereich-Appartment-2-1536x2048.jpeg 1536w, https:\/\/hof-vogel.de\/wp-content\/uploads\/2022\/03\/Schlafbereich-Appartment-2-1200x1600.jpeg 1200w, https:\/\/hof-vogel.de\/wp-content\/uploads\/2022\/03\/Schlafbereich-Appartment-2-scaled.jpeg 1920w\" sizes=\"auto, (max-width: 768px) 85vw, 768px\" \/><\/figure>\n\n\n\n<figure class=\"wp-block-image size-large\"><img loading=\"lazy\" decoding=\"async\" width=\"768\" height=\"1024\" data-id=\"275\" src=\"https:\/\/hof-vogel.de\/wp-content\/uploads\/2022\/03\/Treppenhaus-768x1024.jpeg\" alt=\"\" class=\"wp-image-275\" srcset=\"https:\/\/hof-vogel.de\/wp-content\/uploads\/2022\/03\/Treppenhaus-768x1024.jpeg 768w, https:\/\/hof-vogel.de\/wp-content\/uploads\/2022\/03\/Treppenhaus-225x300.jpeg 225w, https:\/\/hof-vogel.de\/wp-content\/uploads\/2022\/03\/Treppenhaus-1152x1536.jpeg 1152w, https:\/\/hof-vogel.de\/wp-content\/uploads\/2022\/03\/Treppenhaus-1536x2048.jpeg 1536w, https:\/\/hof-vogel.de\/wp-content\/uploads\/2022\/03\/Treppenhaus-1200x1600.jpeg 1200w, https:\/\/hof-vogel.de\/wp-content\/uploads\/2022\/03\/Treppenhaus-scaled.jpeg 1920w\" sizes=\"auto, (max-width: 768px) 85vw, 768px\" \/><\/figure>\n<figcaption class=\"blocks-gallery-caption\">Appartment 2 im Dachgeschoss<\/figcaption><\/figure>\n","protected":false},"excerpt":{"rendered":"<p>L\u00e4ndliches Idyll im frisch sanierten Backhaus von 1835 Im historischen Backhaus von 1835 k\u00f6nnen Sie sich ganz wie zu Hause f\u00fchlen. Frisch renoviert im Jahr 2022 genie\u00dfen Sie hier jeden Luxus des l\u00e4ndlichen Tourismus. Egal ob Sie die wundersch\u00f6ne Aussicht auf die Marsch und die Weser genie\u00dfen oder im Aktivtourismus die Erholung suchen, bei uns &hellip; <a href=\"https:\/\/hof-vogel.de\/?page_id=257\" class=\"more-link\"><span class=\"screen-reader-text\">\u201eG\u00e4stezimmer im alten Backhaus\u201c <\/span>weiterlesen<\/a><\/p>\n","protected":false},"author":1,"featured_media":0,"parent":0,"menu_order":0,"comment_status":"closed","ping_status":"closed","template":"","meta":{"footnotes":""},"class_list":["post-257","page","type-page","status-publish","hentry"],"yoast_head":"<!-- This site is optimized with the Yoast SEO plugin v27.4 - https:\/\/yoast.com\/product\/yoast-seo-wordpress\/ -->\n<title>G\u00e4stezimmer im alten Backhaus - Hof Vogel<\/title>\n<meta name=\"description\" content=\"Im historischen Backhaus von 1835 k\u00f6nnen Sie sich ganz wie zu Hause f\u00fchlen. Frisch renoviert im Jahr 2022 genie\u00dfen Sie hier jeden Luxus des l\u00e4ndlichen Tourismus. Egal ob Sie die wundersch\u00f6ne Aussicht auf die Marsch und die Weser genie\u00dfen oder im Aktivtourismus die Erholung suchen, bei uns finden Sie beides. Der Weser-Rad-Wanderweg f\u00fchrt direkt bei uns am Hof entlang.\" \/>\n<meta name=\"robots\" content=\"index, follow, max-snippet:-1, max-image-preview:large, max-video-preview:-1\" \/>\n<link rel=\"canonical\" href=\"https:\/\/hof-vogel.de\/?page_id=257\" \/>\n<meta property=\"og:locale\" content=\"de_DE\" \/>\n<meta property=\"og:type\" content=\"article\" \/>\n<meta property=\"og:title\" content=\"G\u00e4stezimmer im alten Backhaus - Hof Vogel\" \/>\n<meta property=\"og:description\" content=\"Im historischen Backhaus von 1835 k\u00f6nnen Sie sich ganz wie zu Hause f\u00fchlen. Frisch renoviert im Jahr 2022 genie\u00dfen Sie hier jeden Luxus des l\u00e4ndlichen Tourismus. Egal ob Sie die wundersch\u00f6ne Aussicht auf die Marsch und die Weser genie\u00dfen oder im Aktivtourismus die Erholung suchen, bei uns finden Sie beides. Der Weser-Rad-Wanderweg f\u00fchrt direkt bei uns am Hof entlang.\" \/>\n<meta property=\"og:url\" content=\"https:\/\/hof-vogel.de\/?page_id=257\" \/>\n<meta property=\"og:site_name\" content=\"Hof Vogel\" \/>\n<meta property=\"article:modified_time\" content=\"2022-04-02T16:15:52+00:00\" \/>\n<meta property=\"og:image\" content=\"https:\/\/hof-vogel.de\/wp-content\/uploads\/2022\/03\/Essbereich-Appartment-1-768x1024.jpeg\" \/>\n<meta name=\"twitter:card\" content=\"summary_large_image\" \/>\n<meta name=\"twitter:label1\" content=\"Gesch\u00e4tzte Lesezeit\" \/>\n\t<meta name=\"twitter:data1\" content=\"3\u00a0Minuten\" \/>\n<script type=\"application\/ld+json\" class=\"yoast-schema-graph\">{\"@context\":\"https:\\\/\\\/schema.org\",\"@graph\":[{\"@type\":\"WebPage\",\"@id\":\"https:\\\/\\\/hof-vogel.de\\\/?page_id=257\",\"url\":\"https:\\\/\\\/hof-vogel.de\\\/?page_id=257\",\"name\":\"G\u00e4stezimmer im alten Backhaus - Hof Vogel\",\"isPartOf\":{\"@id\":\"https:\\\/\\\/hof-vogel.de\\\/#website\"},\"primaryImageOfPage\":{\"@id\":\"https:\\\/\\\/hof-vogel.de\\\/?page_id=257#primaryimage\"},\"image\":{\"@id\":\"https:\\\/\\\/hof-vogel.de\\\/?page_id=257#primaryimage\"},\"thumbnailUrl\":\"https:\\\/\\\/hof-vogel.de\\\/wp-content\\\/uploads\\\/2022\\\/03\\\/Essbereich-Appartment-1-768x1024.jpeg\",\"datePublished\":\"2021-07-14T08:59:59+00:00\",\"dateModified\":\"2022-04-02T16:15:52+00:00\",\"description\":\"Im historischen Backhaus von 1835 k\u00f6nnen Sie sich ganz wie zu Hause f\u00fchlen. Frisch renoviert im Jahr 2022 genie\u00dfen Sie hier jeden Luxus des l\u00e4ndlichen Tourismus. Egal ob Sie die wundersch\u00f6ne Aussicht auf die Marsch und die Weser genie\u00dfen oder im Aktivtourismus die Erholung suchen, bei uns finden Sie beides. Der Weser-Rad-Wanderweg f\u00fchrt direkt bei uns am Hof entlang.\",\"breadcrumb\":{\"@id\":\"https:\\\/\\\/hof-vogel.de\\\/?page_id=257#breadcrumb\"},\"inLanguage\":\"de\",\"potentialAction\":[{\"@type\":\"ReadAction\",\"target\":[\"https:\\\/\\\/hof-vogel.de\\\/?page_id=257\"]}]},{\"@type\":\"ImageObject\",\"inLanguage\":\"de\",\"@id\":\"https:\\\/\\\/hof-vogel.de\\\/?page_id=257#primaryimage\",\"url\":\"https:\\\/\\\/hof-vogel.de\\\/wp-content\\\/uploads\\\/2022\\\/03\\\/Essbereich-Appartment-1-scaled.jpeg\",\"contentUrl\":\"https:\\\/\\\/hof-vogel.de\\\/wp-content\\\/uploads\\\/2022\\\/03\\\/Essbereich-Appartment-1-scaled.jpeg\",\"width\":1920,\"height\":2560},{\"@type\":\"BreadcrumbList\",\"@id\":\"https:\\\/\\\/hof-vogel.de\\\/?page_id=257#breadcrumb\",\"itemListElement\":[{\"@type\":\"ListItem\",\"position\":1,\"name\":\"Startseite\",\"item\":\"https:\\\/\\\/hof-vogel.de\\\/\"},{\"@type\":\"ListItem\",\"position\":2,\"name\":\"G\u00e4stezimmer im alten Backhaus\"}]},{\"@type\":\"WebSite\",\"@id\":\"https:\\\/\\\/hof-vogel.de\\\/#website\",\"url\":\"https:\\\/\\\/hof-vogel.de\\\/\",\"name\":\"Hof Vogel\",\"description\":\"\",\"publisher\":{\"@id\":\"https:\\\/\\\/hof-vogel.de\\\/#organization\"},\"potentialAction\":[{\"@type\":\"SearchAction\",\"target\":{\"@type\":\"EntryPoint\",\"urlTemplate\":\"https:\\\/\\\/hof-vogel.de\\\/?s={search_term_string}\"},\"query-input\":{\"@type\":\"PropertyValueSpecification\",\"valueRequired\":true,\"valueName\":\"search_term_string\"}}],\"inLanguage\":\"de\"},{\"@type\":\"Organization\",\"@id\":\"https:\\\/\\\/hof-vogel.de\\\/#organization\",\"name\":\"Hof Vogel\",\"url\":\"https:\\\/\\\/hof-vogel.de\\\/\",\"logo\":{\"@type\":\"ImageObject\",\"inLanguage\":\"de\",\"@id\":\"https:\\\/\\\/hof-vogel.de\\\/#\\\/schema\\\/logo\\\/image\\\/\",\"url\":\"https:\\\/\\\/hof-vogel.de\\\/wp-content\\\/uploads\\\/2019\\\/02\\\/Villa-H\u00fchnergl\u00fcck_Logo_Zeichenfl\u00e4che-1.png\",\"contentUrl\":\"https:\\\/\\\/hof-vogel.de\\\/wp-content\\\/uploads\\\/2019\\\/02\\\/Villa-H\u00fchnergl\u00fcck_Logo_Zeichenfl\u00e4che-1.png\",\"width\":2341,\"height\":1997,\"caption\":\"Hof Vogel\"},\"image\":{\"@id\":\"https:\\\/\\\/hof-vogel.de\\\/#\\\/schema\\\/logo\\\/image\\\/\"}}]}<\/script>\n<!-- \/ Yoast SEO plugin. -->","yoast_head_json":{"title":"G\u00e4stezimmer im alten Backhaus - Hof Vogel","description":"Im historischen Backhaus von 1835 k\u00f6nnen Sie sich ganz wie zu Hause f\u00fchlen. Frisch renoviert im Jahr 2022 genie\u00dfen Sie hier jeden Luxus des l\u00e4ndlichen Tourismus. Egal ob Sie die wundersch\u00f6ne Aussicht auf die Marsch und die Weser genie\u00dfen oder im Aktivtourismus die Erholung suchen, bei uns finden Sie beides. Der Weser-Rad-Wanderweg f\u00fchrt direkt bei uns am Hof entlang.","robots":{"index":"index","follow":"follow","max-snippet":"max-snippet:-1","max-image-preview":"max-image-preview:large","max-video-preview":"max-video-preview:-1"},"canonical":"https:\/\/hof-vogel.de\/?page_id=257","og_locale":"de_DE","og_type":"article","og_title":"G\u00e4stezimmer im alten Backhaus - Hof Vogel","og_description":"Im historischen Backhaus von 1835 k\u00f6nnen Sie sich ganz wie zu Hause f\u00fchlen. Frisch renoviert im Jahr 2022 genie\u00dfen Sie hier jeden Luxus des l\u00e4ndlichen Tourismus. Egal ob Sie die wundersch\u00f6ne Aussicht auf die Marsch und die Weser genie\u00dfen oder im Aktivtourismus die Erholung suchen, bei uns finden Sie beides. Der Weser-Rad-Wanderweg f\u00fchrt direkt bei uns am Hof entlang.","og_url":"https:\/\/hof-vogel.de\/?page_id=257","og_site_name":"Hof Vogel","article_modified_time":"2022-04-02T16:15:52+00:00","og_image":[{"url":"https:\/\/hof-vogel.de\/wp-content\/uploads\/2022\/03\/Essbereich-Appartment-1-768x1024.jpeg","type":"","width":"","height":""}],"twitter_card":"summary_large_image","twitter_misc":{"Gesch\u00e4tzte Lesezeit":"3\u00a0Minuten"},"schema":{"@context":"https:\/\/schema.org","@graph":[{"@type":"WebPage","@id":"https:\/\/hof-vogel.de\/?page_id=257","url":"https:\/\/hof-vogel.de\/?page_id=257","name":"G\u00e4stezimmer im alten Backhaus - Hof Vogel","isPartOf":{"@id":"https:\/\/hof-vogel.de\/#website"},"primaryImageOfPage":{"@id":"https:\/\/hof-vogel.de\/?page_id=257#primaryimage"},"image":{"@id":"https:\/\/hof-vogel.de\/?page_id=257#primaryimage"},"thumbnailUrl":"https:\/\/hof-vogel.de\/wp-content\/uploads\/2022\/03\/Essbereich-Appartment-1-768x1024.jpeg","datePublished":"2021-07-14T08:59:59+00:00","dateModified":"2022-04-02T16:15:52+00:00","description":"Im historischen Backhaus von 1835 k\u00f6nnen Sie sich ganz wie zu Hause f\u00fchlen. Frisch renoviert im Jahr 2022 genie\u00dfen Sie hier jeden Luxus des l\u00e4ndlichen Tourismus. Egal ob Sie die wundersch\u00f6ne Aussicht auf die Marsch und die Weser genie\u00dfen oder im Aktivtourismus die Erholung suchen, bei uns finden Sie beides. Der Weser-Rad-Wanderweg f\u00fchrt direkt bei uns am Hof entlang.","breadcrumb":{"@id":"https:\/\/hof-vogel.de\/?page_id=257#breadcrumb"},"inLanguage":"de","potentialAction":[{"@type":"ReadAction","target":["https:\/\/hof-vogel.de\/?page_id=257"]}]},{"@type":"ImageObject","inLanguage":"de","@id":"https:\/\/hof-vogel.de\/?page_id=257#primaryimage","url":"https:\/\/hof-vogel.de\/wp-content\/uploads\/2022\/03\/Essbereich-Appartment-1-scaled.jpeg","contentUrl":"https:\/\/hof-vogel.de\/wp-content\/uploads\/2022\/03\/Essbereich-Appartment-1-scaled.jpeg","width":1920,"height":2560},{"@type":"BreadcrumbList","@id":"https:\/\/hof-vogel.de\/?page_id=257#breadcrumb","itemListElement":[{"@type":"ListItem","position":1,"name":"Startseite","item":"https:\/\/hof-vogel.de\/"},{"@type":"ListItem","position":2,"name":"G\u00e4stezimmer im alten Backhaus"}]},{"@type":"WebSite","@id":"https:\/\/hof-vogel.de\/#website","url":"https:\/\/hof-vogel.de\/","name":"Hof Vogel","description":"","publisher":{"@id":"https:\/\/hof-vogel.de\/#organization"},"potentialAction":[{"@type":"SearchAction","target":{"@type":"EntryPoint","urlTemplate":"https:\/\/hof-vogel.de\/?s={search_term_string}"},"query-input":{"@type":"PropertyValueSpecification","valueRequired":true,"valueName":"search_term_string"}}],"inLanguage":"de"},{"@type":"Organization","@id":"https:\/\/hof-vogel.de\/#organization","name":"Hof Vogel","url":"https:\/\/hof-vogel.de\/","logo":{"@type":"ImageObject","inLanguage":"de","@id":"https:\/\/hof-vogel.de\/#\/schema\/logo\/image\/","url":"https:\/\/hof-vogel.de\/wp-content\/uploads\/2019\/02\/Villa-H\u00fchnergl\u00fcck_Logo_Zeichenfl\u00e4che-1.png","contentUrl":"https:\/\/hof-vogel.de\/wp-content\/uploads\/2019\/02\/Villa-H\u00fchnergl\u00fcck_Logo_Zeichenfl\u00e4che-1.png","width":2341,"height":1997,"caption":"Hof Vogel"},"image":{"@id":"https:\/\/hof-vogel.de\/#\/schema\/logo\/image\/"}}]}},"_links":{"self":[{"href":"https:\/\/hof-vogel.de\/index.php?rest_route=\/wp\/v2\/pages\/257","targetHints":{"allow":["GET"]}}],"collection":[{"href":"https:\/\/hof-vogel.de\/index.php?rest_route=\/wp\/v2\/pages"}],"about":[{"href":"https:\/\/hof-vogel.de\/index.php?rest_route=\/wp\/v2\/types\/page"}],"author":[{"embeddable":true,"href":"https:\/\/hof-vogel.de\/index.php?rest_route=\/wp\/v2\/users\/1"}],"replies":[{"embeddable":true,"href":"https:\/\/hof-vogel.de\/index.php?rest_route=%2Fwp%2Fv2%2Fcomments&post=257"}],"version-history":[{"count":6,"href":"https:\/\/hof-vogel.de\/index.php?rest_route=\/wp\/v2\/pages\/257\/revisions"}],"predecessor-version":[{"id":284,"href":"https:\/\/hof-vogel.de\/index.php?rest_route=\/wp\/v2\/pages\/257\/revisions\/284"}],"wp:attachment":[{"href":"https:\/\/hof-vogel.de\/index.php?rest_route=%2Fwp%2Fv2%2Fmedia&parent=257"}],"curies":[{"name":"wp","href":"https:\/\/api.w.org\/{rel}","templated":true}]}}