{"id":16,"date":"2019-01-16T09:20:13","date_gmt":"2019-01-16T09:20:13","guid":{"rendered":"http:\/\/hof-vogel.de\/?page_id=16"},"modified":"2021-01-18T12:16:20","modified_gmt":"2021-01-18T12:16:20","slug":"der-hof-vogel","status":"publish","type":"page","link":"https:\/\/hof-vogel.de\/?page_id=16","title":{"rendered":"Der Hof Vogel"},"content":{"rendered":"\n<p>Unser traditionsreicher Bauernhof in Rohrsen, der malerisch an der Weser liegt, wurde um 1500 zum ersten Mal erw\u00e4hnt. \u00dcber Jahrhunderte war er, wie alle H\u00f6fe in Rohrsen, einem der Ritterg\u00fcter Drakenburgs dienstpflichtig. Dennoch gelang es, ihn von Generation zu Generation innerhalb der Familie weiterzugeben. Im Wandel der Zeit hat der Betrieb viele H\u00f6hen und Tiefen erlebt: immer wieder Kriege, Besatzungen, Hochwasser, D\u00fcrrezeiten, Wirtschaftskrisen, aber auch die Bauernbefreiung und landwirtschaftliche Bl\u00fctezeiten.<\/p>\n\n\n\n<figure class=\"wp-block-image\"><img loading=\"lazy\" decoding=\"async\" width=\"2309\" height=\"1732\" src=\"https:\/\/hof-vogel.de\/wp-content\/uploads\/2019\/01\/Hof_Vogel5.jpg\" alt=\"\" class=\"wp-image-95\" srcset=\"https:\/\/hof-vogel.de\/wp-content\/uploads\/2019\/01\/Hof_Vogel5.jpg 2309w, https:\/\/hof-vogel.de\/wp-content\/uploads\/2019\/01\/Hof_Vogel5-300x225.jpg 300w, https:\/\/hof-vogel.de\/wp-content\/uploads\/2019\/01\/Hof_Vogel5-768x576.jpg 768w, https:\/\/hof-vogel.de\/wp-content\/uploads\/2019\/01\/Hof_Vogel5-1024x768.jpg 1024w, https:\/\/hof-vogel.de\/wp-content\/uploads\/2019\/01\/Hof_Vogel5-1200x900.jpg 1200w\" sizes=\"auto, (max-width: 709px) 85vw, (max-width: 909px) 67vw, (max-width: 1362px) 62vw, 840px\" \/><\/figure>\n\n\n\n<figure class=\"wp-block-image\"><img loading=\"lazy\" decoding=\"async\" width=\"1024\" height=\"576\" src=\"https:\/\/hof-vogel.de\/wp-content\/uploads\/2019\/01\/Hof_Vogel3-1024x576.jpg\" alt=\"\" class=\"wp-image-93\" srcset=\"https:\/\/hof-vogel.de\/wp-content\/uploads\/2019\/01\/Hof_Vogel3-1024x576.jpg 1024w, https:\/\/hof-vogel.de\/wp-content\/uploads\/2019\/01\/Hof_Vogel3-300x169.jpg 300w, https:\/\/hof-vogel.de\/wp-content\/uploads\/2019\/01\/Hof_Vogel3-768x432.jpg 768w, https:\/\/hof-vogel.de\/wp-content\/uploads\/2019\/01\/Hof_Vogel3-1200x675.jpg 1200w\" sizes=\"auto, (max-width: 709px) 85vw, (max-width: 909px) 67vw, (max-width: 1362px) 62vw, 840px\" \/><\/figure>\n\n\n\n<figure class=\"wp-block-image\"><img loading=\"lazy\" decoding=\"async\" width=\"1024\" height=\"826\" src=\"https:\/\/hof-vogel.de\/wp-content\/uploads\/2019\/01\/hofladen3-1024x826.jpg\" alt=\"\" class=\"wp-image-69\" srcset=\"https:\/\/hof-vogel.de\/wp-content\/uploads\/2019\/01\/hofladen3-1024x826.jpg 1024w, https:\/\/hof-vogel.de\/wp-content\/uploads\/2019\/01\/hofladen3-300x242.jpg 300w, https:\/\/hof-vogel.de\/wp-content\/uploads\/2019\/01\/hofladen3-768x620.jpg 768w, https:\/\/hof-vogel.de\/wp-content\/uploads\/2019\/01\/hofladen3-1200x968.jpg 1200w\" sizes=\"auto, (max-width: 709px) 85vw, (max-width: 909px) 67vw, (max-width: 1362px) 62vw, 840px\" \/><\/figure>\n\n\n\n<figure class=\"wp-block-image\"><img loading=\"lazy\" decoding=\"async\" width=\"1024\" height=\"576\" src=\"https:\/\/hof-vogel.de\/wp-content\/uploads\/2019\/01\/Hof_Vogel1-1024x576.jpg\" alt=\"\" class=\"wp-image-91\" srcset=\"https:\/\/hof-vogel.de\/wp-content\/uploads\/2019\/01\/Hof_Vogel1-1024x576.jpg 1024w, https:\/\/hof-vogel.de\/wp-content\/uploads\/2019\/01\/Hof_Vogel1-300x169.jpg 300w, https:\/\/hof-vogel.de\/wp-content\/uploads\/2019\/01\/Hof_Vogel1-768x432.jpg 768w, https:\/\/hof-vogel.de\/wp-content\/uploads\/2019\/01\/Hof_Vogel1-1200x675.jpg 1200w\" sizes=\"auto, (max-width: 709px) 85vw, (max-width: 909px) 67vw, (max-width: 1362px) 62vw, 840px\" \/><\/figure>\n\n\n\n<figure class=\"wp-block-image\"><img loading=\"lazy\" decoding=\"async\" width=\"1024\" height=\"576\" src=\"https:\/\/hof-vogel.de\/wp-content\/uploads\/2019\/01\/Hof_Vogel2-1024x576.jpg\" alt=\"\" class=\"wp-image-92\" srcset=\"https:\/\/hof-vogel.de\/wp-content\/uploads\/2019\/01\/Hof_Vogel2-1024x576.jpg 1024w, https:\/\/hof-vogel.de\/wp-content\/uploads\/2019\/01\/Hof_Vogel2-300x169.jpg 300w, https:\/\/hof-vogel.de\/wp-content\/uploads\/2019\/01\/Hof_Vogel2-768x432.jpg 768w, https:\/\/hof-vogel.de\/wp-content\/uploads\/2019\/01\/Hof_Vogel2-1200x675.jpg 1200w\" sizes=\"auto, (max-width: 709px) 85vw, (max-width: 909px) 67vw, (max-width: 1362px) 62vw, 840px\" \/><\/figure>\n\n\n\n<figure class=\"wp-block-image\"><img loading=\"lazy\" decoding=\"async\" width=\"1024\" height=\"576\" src=\"https:\/\/hof-vogel.de\/wp-content\/uploads\/2019\/01\/Hof_Vogel4-1024x576.jpg\" alt=\"\" class=\"wp-image-94\" srcset=\"https:\/\/hof-vogel.de\/wp-content\/uploads\/2019\/01\/Hof_Vogel4-1024x576.jpg 1024w, https:\/\/hof-vogel.de\/wp-content\/uploads\/2019\/01\/Hof_Vogel4-300x169.jpg 300w, https:\/\/hof-vogel.de\/wp-content\/uploads\/2019\/01\/Hof_Vogel4-768x432.jpg 768w, https:\/\/hof-vogel.de\/wp-content\/uploads\/2019\/01\/Hof_Vogel4-1200x675.jpg 1200w\" sizes=\"auto, (max-width: 709px) 85vw, (max-width: 909px) 67vw, (max-width: 1362px) 62vw, 840px\" \/><\/figure>\n\n\n\n<p>So wandelten sich \u00fcber die Jahrhunderte auch die Schwerpunkte der Bewirtschaftung: Schafhaltung, Imkerei, Pferdezucht, Rinderhaltung, Spargel- und Kartoffelanbau. <\/p>\n\n\n\n<div class=\"wp-block-image\"><figure class=\"aligncenter\"><img decoding=\"async\" src=\"http:\/\/hof-vogel.de\/wp-content\/uploads\/2019\/01\/landwirtschaftsbetrieb_vogel-1-1024x768.jpg\" alt=\"\"\/><\/figure><\/div>\n\n\n\n<div class=\"wp-block-image\"><figure class=\"aligncenter\"><img decoding=\"async\" src=\"http:\/\/hof-vogel.de\/wp-content\/uploads\/2019\/01\/Landwirtschaft9-1024x576.jpg\" alt=\"\"\/><\/figure><\/div>\n\n\n\n<div class=\"wp-block-image\"><figure class=\"aligncenter\"><img decoding=\"async\" src=\"http:\/\/hof-vogel.de\/wp-content\/uploads\/2019\/01\/Landwirtschaft3-1024x576.jpg\" alt=\"\"\/><\/figure><\/div>\n\n\n\n<div class=\"wp-block-image\"><figure class=\"aligncenter\"><img decoding=\"async\" src=\"http:\/\/hof-vogel.de\/wp-content\/uploads\/2019\/01\/Landwirtschaft2-1024x576.jpg\" alt=\"\"\/><\/figure><\/div>\n\n\n\n<div class=\"wp-block-image\"><figure class=\"aligncenter\"><img decoding=\"async\" src=\"http:\/\/hof-vogel.de\/wp-content\/uploads\/2019\/01\/Landwirtschaft10-1024x576.jpg\" alt=\"\"\/><\/figure><\/div>\n\n\n\n<div class=\"wp-block-image\"><figure class=\"aligncenter\"><img decoding=\"async\" src=\"http:\/\/hof-vogel.de\/wp-content\/uploads\/2019\/01\/Landwirtschaft5-1024x576.jpg\" alt=\"\"\/><\/figure><\/div>\n\n\n\n<div class=\"wp-block-image\"><figure class=\"aligncenter\"><img decoding=\"async\" src=\"http:\/\/hof-vogel.de\/wp-content\/uploads\/2019\/01\/Landwirtschaft7-1024x576.jpg\" alt=\"\"\/><\/figure><\/div>\n\n\n\n<div class=\"wp-block-image\"><figure class=\"aligncenter\"><img decoding=\"async\" src=\"http:\/\/hof-vogel.de\/wp-content\/uploads\/2019\/01\/Landwirtschaft4-1024x576.jpg\" alt=\"\"\/><\/figure><\/div>\n\n\n\n<div class=\"wp-block-image\"><figure class=\"aligncenter\"><img decoding=\"async\" src=\"http:\/\/hof-vogel.de\/wp-content\/uploads\/2019\/01\/Landwirtschaft6-1024x576.jpg\" alt=\"\"\/><\/figure><\/div>\n\n\n\n<div class=\"wp-block-image\"><figure class=\"aligncenter\"><img decoding=\"async\" src=\"http:\/\/hof-vogel.de\/wp-content\/uploads\/2019\/01\/Marienk\u00e4fer-1024x576.jpg\" alt=\"\"\/><\/figure><\/div>\n\n\n\n<p>Seit dem Fr\u00fchjahr 2019 liegt ein neuer Betriebsschwerpunkt auf der Legehennenhaltung im Mobilstall.<\/p>\n\n\n\n<p><br>Seit 1989 f\u00fchren Joachim Vogel und Rosemarie Meier zu Krentrup-Vogel den konventionellen Landwirtschaftsbetrieb in 14. Generation. Auf dem Hof Vogel werden seit \u00fcber 25 Jahren Auszubildende der Landwirtschaft im j\u00e4hrlichen Wechsel ausgebildet. Aktuell liegen die Bewirtschaftungsschwerpunkte auf der Vermehrung von Kartoffeln und Raps sowie dem Anbau von R\u00fcben und Getreide. Durch eine vielf\u00e4ltige und abwechslungsreiche Fruchtfolge wird ein ressourcenschonender und umweltfreundlicher Ackerbau praktiziert. In der Legehennenhaltung im Mobilstall und der Direktvermarktung arbeiten Sohn Johannes und seine Frau Tamara als Junglandwirte engagiert mit.<\/p>\n","protected":false},"excerpt":{"rendered":"<p>Unser traditionsreicher Bauernhof in Rohrsen, der malerisch an der Weser liegt, wurde um 1500 zum ersten Mal erw\u00e4hnt. \u00dcber Jahrhunderte war er, wie alle H\u00f6fe in Rohrsen, einem der Ritterg\u00fcter Drakenburgs dienstpflichtig. Dennoch gelang es, ihn von Generation zu Generation innerhalb der Familie weiterzugeben. Im Wandel der Zeit hat der Betrieb viele H\u00f6hen und Tiefen &hellip; <a href=\"https:\/\/hof-vogel.de\/?page_id=16\" class=\"more-link\"><span class=\"screen-reader-text\">\u201eDer Hof Vogel\u201c <\/span>weiterlesen<\/a><\/p>\n","protected":false},"author":1,"featured_media":6,"parent":0,"menu_order":0,"comment_status":"closed","ping_status":"closed","template":"","meta":{"footnotes":""},"class_list":["post-16","page","type-page","status-publish","has-post-thumbnail","hentry"],"yoast_head":"<!-- This site is optimized with the Yoast SEO plugin v27.4 - https:\/\/yoast.com\/product\/yoast-seo-wordpress\/ -->\n<title>Der Hof Vogel - Hof Vogel<\/title>\n<meta name=\"robots\" content=\"index, follow, max-snippet:-1, max-image-preview:large, max-video-preview:-1\" \/>\n<link rel=\"canonical\" href=\"https:\/\/hof-vogel.de\/?page_id=16\" \/>\n<meta property=\"og:locale\" content=\"de_DE\" \/>\n<meta property=\"og:type\" content=\"article\" \/>\n<meta property=\"og:title\" content=\"Der Hof Vogel - Hof Vogel\" \/>\n<meta property=\"og:description\" content=\"Unser traditionsreicher Bauernhof in Rohrsen, der malerisch an der Weser liegt, wurde um 1500 zum ersten Mal erw\u00e4hnt. \u00dcber Jahrhunderte war er, wie alle H\u00f6fe in Rohrsen, einem der Ritterg\u00fcter Drakenburgs dienstpflichtig. Dennoch gelang es, ihn von Generation zu Generation innerhalb der Familie weiterzugeben. Im Wandel der Zeit hat der Betrieb viele H\u00f6hen und Tiefen &hellip; \u201eDer Hof Vogel\u201c weiterlesen\" \/>\n<meta property=\"og:url\" content=\"https:\/\/hof-vogel.de\/?page_id=16\" \/>\n<meta property=\"og:site_name\" content=\"Hof Vogel\" \/>\n<meta property=\"article:modified_time\" content=\"2021-01-18T12:16:20+00:00\" \/>\n<meta property=\"og:image\" content=\"https:\/\/hof-vogel.de\/wp-content\/uploads\/2019\/01\/Hof_Vogel-1.jpg\" \/>\n\t<meta property=\"og:image:width\" content=\"2666\" \/>\n\t<meta property=\"og:image:height\" content=\"1500\" \/>\n\t<meta property=\"og:image:type\" content=\"image\/jpeg\" \/>\n<meta name=\"twitter:card\" content=\"summary_large_image\" \/>\n<meta name=\"twitter:label1\" content=\"Gesch\u00e4tzte Lesezeit\" \/>\n\t<meta name=\"twitter:data1\" content=\"5\u00a0Minuten\" \/>\n<script type=\"application\/ld+json\" class=\"yoast-schema-graph\">{\"@context\":\"https:\\\/\\\/schema.org\",\"@graph\":[{\"@type\":\"WebPage\",\"@id\":\"https:\\\/\\\/hof-vogel.de\\\/?page_id=16\",\"url\":\"https:\\\/\\\/hof-vogel.de\\\/?page_id=16\",\"name\":\"Der Hof Vogel - Hof Vogel\",\"isPartOf\":{\"@id\":\"https:\\\/\\\/hof-vogel.de\\\/#website\"},\"primaryImageOfPage\":{\"@id\":\"https:\\\/\\\/hof-vogel.de\\\/?page_id=16#primaryimage\"},\"image\":{\"@id\":\"https:\\\/\\\/hof-vogel.de\\\/?page_id=16#primaryimage\"},\"thumbnailUrl\":\"https:\\\/\\\/hof-vogel.de\\\/wp-content\\\/uploads\\\/2019\\\/01\\\/Hof_Vogel-1.jpg\",\"datePublished\":\"2019-01-16T09:20:13+00:00\",\"dateModified\":\"2021-01-18T12:16:20+00:00\",\"breadcrumb\":{\"@id\":\"https:\\\/\\\/hof-vogel.de\\\/?page_id=16#breadcrumb\"},\"inLanguage\":\"de\",\"potentialAction\":[{\"@type\":\"ReadAction\",\"target\":[\"https:\\\/\\\/hof-vogel.de\\\/?page_id=16\"]}]},{\"@type\":\"ImageObject\",\"inLanguage\":\"de\",\"@id\":\"https:\\\/\\\/hof-vogel.de\\\/?page_id=16#primaryimage\",\"url\":\"https:\\\/\\\/hof-vogel.de\\\/wp-content\\\/uploads\\\/2019\\\/01\\\/Hof_Vogel-1.jpg\",\"contentUrl\":\"https:\\\/\\\/hof-vogel.de\\\/wp-content\\\/uploads\\\/2019\\\/01\\\/Hof_Vogel-1.jpg\",\"width\":2666,\"height\":1500,\"caption\":\"Landwirtschaftsbetrieb Joachim Vogel\"},{\"@type\":\"BreadcrumbList\",\"@id\":\"https:\\\/\\\/hof-vogel.de\\\/?page_id=16#breadcrumb\",\"itemListElement\":[{\"@type\":\"ListItem\",\"position\":1,\"name\":\"Startseite\",\"item\":\"https:\\\/\\\/hof-vogel.de\\\/\"},{\"@type\":\"ListItem\",\"position\":2,\"name\":\"Der Hof Vogel\"}]},{\"@type\":\"WebSite\",\"@id\":\"https:\\\/\\\/hof-vogel.de\\\/#website\",\"url\":\"https:\\\/\\\/hof-vogel.de\\\/\",\"name\":\"Hof Vogel\",\"description\":\"\",\"publisher\":{\"@id\":\"https:\\\/\\\/hof-vogel.de\\\/#organization\"},\"potentialAction\":[{\"@type\":\"SearchAction\",\"target\":{\"@type\":\"EntryPoint\",\"urlTemplate\":\"https:\\\/\\\/hof-vogel.de\\\/?s={search_term_string}\"},\"query-input\":{\"@type\":\"PropertyValueSpecification\",\"valueRequired\":true,\"valueName\":\"search_term_string\"}}],\"inLanguage\":\"de\"},{\"@type\":\"Organization\",\"@id\":\"https:\\\/\\\/hof-vogel.de\\\/#organization\",\"name\":\"Hof Vogel\",\"url\":\"https:\\\/\\\/hof-vogel.de\\\/\",\"logo\":{\"@type\":\"ImageObject\",\"inLanguage\":\"de\",\"@id\":\"https:\\\/\\\/hof-vogel.de\\\/#\\\/schema\\\/logo\\\/image\\\/\",\"url\":\"https:\\\/\\\/hof-vogel.de\\\/wp-content\\\/uploads\\\/2019\\\/02\\\/Villa-H\u00fchnergl\u00fcck_Logo_Zeichenfl\u00e4che-1.png\",\"contentUrl\":\"https:\\\/\\\/hof-vogel.de\\\/wp-content\\\/uploads\\\/2019\\\/02\\\/Villa-H\u00fchnergl\u00fcck_Logo_Zeichenfl\u00e4che-1.png\",\"width\":2341,\"height\":1997,\"caption\":\"Hof Vogel\"},\"image\":{\"@id\":\"https:\\\/\\\/hof-vogel.de\\\/#\\\/schema\\\/logo\\\/image\\\/\"}}]}<\/script>\n<!-- \/ Yoast SEO plugin. -->","yoast_head_json":{"title":"Der Hof Vogel - Hof Vogel","robots":{"index":"index","follow":"follow","max-snippet":"max-snippet:-1","max-image-preview":"max-image-preview:large","max-video-preview":"max-video-preview:-1"},"canonical":"https:\/\/hof-vogel.de\/?page_id=16","og_locale":"de_DE","og_type":"article","og_title":"Der Hof Vogel - Hof Vogel","og_description":"Unser traditionsreicher Bauernhof in Rohrsen, der malerisch an der Weser liegt, wurde um 1500 zum ersten Mal erw\u00e4hnt. \u00dcber Jahrhunderte war er, wie alle H\u00f6fe in Rohrsen, einem der Ritterg\u00fcter Drakenburgs dienstpflichtig. Dennoch gelang es, ihn von Generation zu Generation innerhalb der Familie weiterzugeben. Im Wandel der Zeit hat der Betrieb viele H\u00f6hen und Tiefen &hellip; \u201eDer Hof Vogel\u201c weiterlesen","og_url":"https:\/\/hof-vogel.de\/?page_id=16","og_site_name":"Hof Vogel","article_modified_time":"2021-01-18T12:16:20+00:00","og_image":[{"width":2666,"height":1500,"url":"https:\/\/hof-vogel.de\/wp-content\/uploads\/2019\/01\/Hof_Vogel-1.jpg","type":"image\/jpeg"}],"twitter_card":"summary_large_image","twitter_misc":{"Gesch\u00e4tzte Lesezeit":"5\u00a0Minuten"},"schema":{"@context":"https:\/\/schema.org","@graph":[{"@type":"WebPage","@id":"https:\/\/hof-vogel.de\/?page_id=16","url":"https:\/\/hof-vogel.de\/?page_id=16","name":"Der Hof Vogel - Hof Vogel","isPartOf":{"@id":"https:\/\/hof-vogel.de\/#website"},"primaryImageOfPage":{"@id":"https:\/\/hof-vogel.de\/?page_id=16#primaryimage"},"image":{"@id":"https:\/\/hof-vogel.de\/?page_id=16#primaryimage"},"thumbnailUrl":"https:\/\/hof-vogel.de\/wp-content\/uploads\/2019\/01\/Hof_Vogel-1.jpg","datePublished":"2019-01-16T09:20:13+00:00","dateModified":"2021-01-18T12:16:20+00:00","breadcrumb":{"@id":"https:\/\/hof-vogel.de\/?page_id=16#breadcrumb"},"inLanguage":"de","potentialAction":[{"@type":"ReadAction","target":["https:\/\/hof-vogel.de\/?page_id=16"]}]},{"@type":"ImageObject","inLanguage":"de","@id":"https:\/\/hof-vogel.de\/?page_id=16#primaryimage","url":"https:\/\/hof-vogel.de\/wp-content\/uploads\/2019\/01\/Hof_Vogel-1.jpg","contentUrl":"https:\/\/hof-vogel.de\/wp-content\/uploads\/2019\/01\/Hof_Vogel-1.jpg","width":2666,"height":1500,"caption":"Landwirtschaftsbetrieb Joachim Vogel"},{"@type":"BreadcrumbList","@id":"https:\/\/hof-vogel.de\/?page_id=16#breadcrumb","itemListElement":[{"@type":"ListItem","position":1,"name":"Startseite","item":"https:\/\/hof-vogel.de\/"},{"@type":"ListItem","position":2,"name":"Der Hof Vogel"}]},{"@type":"WebSite","@id":"https:\/\/hof-vogel.de\/#website","url":"https:\/\/hof-vogel.de\/","name":"Hof Vogel","description":"","publisher":{"@id":"https:\/\/hof-vogel.de\/#organization"},"potentialAction":[{"@type":"SearchAction","target":{"@type":"EntryPoint","urlTemplate":"https:\/\/hof-vogel.de\/?s={search_term_string}"},"query-input":{"@type":"PropertyValueSpecification","valueRequired":true,"valueName":"search_term_string"}}],"inLanguage":"de"},{"@type":"Organization","@id":"https:\/\/hof-vogel.de\/#organization","name":"Hof Vogel","url":"https:\/\/hof-vogel.de\/","logo":{"@type":"ImageObject","inLanguage":"de","@id":"https:\/\/hof-vogel.de\/#\/schema\/logo\/image\/","url":"https:\/\/hof-vogel.de\/wp-content\/uploads\/2019\/02\/Villa-H\u00fchnergl\u00fcck_Logo_Zeichenfl\u00e4che-1.png","contentUrl":"https:\/\/hof-vogel.de\/wp-content\/uploads\/2019\/02\/Villa-H\u00fchnergl\u00fcck_Logo_Zeichenfl\u00e4che-1.png","width":2341,"height":1997,"caption":"Hof Vogel"},"image":{"@id":"https:\/\/hof-vogel.de\/#\/schema\/logo\/image\/"}}]}},"_links":{"self":[{"href":"https:\/\/hof-vogel.de\/index.php?rest_route=\/wp\/v2\/pages\/16","targetHints":{"allow":["GET"]}}],"collection":[{"href":"https:\/\/hof-vogel.de\/index.php?rest_route=\/wp\/v2\/pages"}],"about":[{"href":"https:\/\/hof-vogel.de\/index.php?rest_route=\/wp\/v2\/types\/page"}],"author":[{"embeddable":true,"href":"https:\/\/hof-vogel.de\/index.php?rest_route=\/wp\/v2\/users\/1"}],"replies":[{"embeddable":true,"href":"https:\/\/hof-vogel.de\/index.php?rest_route=%2Fwp%2Fv2%2Fcomments&post=16"}],"version-history":[{"count":23,"href":"https:\/\/hof-vogel.de\/index.php?rest_route=\/wp\/v2\/pages\/16\/revisions"}],"predecessor-version":[{"id":236,"href":"https:\/\/hof-vogel.de\/index.php?rest_route=\/wp\/v2\/pages\/16\/revisions\/236"}],"wp:featuredmedia":[{"embeddable":true,"href":"https:\/\/hof-vogel.de\/index.php?rest_route=\/wp\/v2\/media\/6"}],"wp:attachment":[{"href":"https:\/\/hof-vogel.de\/index.php?rest_route=%2Fwp%2Fv2%2Fmedia&parent=16"}],"curies":[{"name":"wp","href":"https:\/\/api.w.org\/{rel}","templated":true}]}}