{"id":11,"date":"2019-01-16T09:28:44","date_gmt":"2019-01-16T09:28:44","guid":{"rendered":"http:\/\/hof-vogel.de\/?page_id=11"},"modified":"2023-05-09T14:39:15","modified_gmt":"2023-05-09T14:39:15","slug":"willkommen","status":"publish","type":"page","link":"https:\/\/hof-vogel.de\/","title":{"rendered":"Herzlich Willkommen!"},"content":{"rendered":"\n<figure class=\"wp-block-image size-large\"><a href=\"https:\/\/hof-vogel.de\/?page_id=289\"><img loading=\"lazy\" decoding=\"async\" width=\"1024\" height=\"300\" src=\"https:\/\/hof-vogel.de\/wp-content\/uploads\/2023\/05\/cropped-Header_Villa_Huehnerglueck-scaled-1-1024x300.jpeg\" alt=\"\" class=\"wp-image-287\" srcset=\"https:\/\/hof-vogel.de\/wp-content\/uploads\/2023\/05\/cropped-Header_Villa_Huehnerglueck-scaled-1-1024x300.jpeg 1024w, https:\/\/hof-vogel.de\/wp-content\/uploads\/2023\/05\/cropped-Header_Villa_Huehnerglueck-scaled-1-300x88.jpeg 300w, https:\/\/hof-vogel.de\/wp-content\/uploads\/2023\/05\/cropped-Header_Villa_Huehnerglueck-scaled-1-768x225.jpeg 768w, https:\/\/hof-vogel.de\/wp-content\/uploads\/2023\/05\/cropped-Header_Villa_Huehnerglueck-scaled-1.jpeg 1200w\" sizes=\"auto, (max-width: 709px) 85vw, (max-width: 909px) 67vw, (max-width: 1362px) 62vw, 840px\" \/><\/a><\/figure>\n\n\n\n<div class=\"wp-block-media-text alignwide is-stacked-on-mobile\"><figure class=\"wp-block-media-text__media\"><img loading=\"lazy\" decoding=\"async\" width=\"1024\" height=\"681\" src=\"https:\/\/hof-vogel.de\/wp-content\/uploads\/2021\/07\/DSC_0087-1024x681.jpg\" alt=\"\" class=\"wp-image-246 size-full\" srcset=\"https:\/\/hof-vogel.de\/wp-content\/uploads\/2021\/07\/DSC_0087-1024x681.jpg 1024w, https:\/\/hof-vogel.de\/wp-content\/uploads\/2021\/07\/DSC_0087-300x199.jpg 300w, https:\/\/hof-vogel.de\/wp-content\/uploads\/2021\/07\/DSC_0087-768x511.jpg 768w, https:\/\/hof-vogel.de\/wp-content\/uploads\/2021\/07\/DSC_0087-1536x1021.jpg 1536w, https:\/\/hof-vogel.de\/wp-content\/uploads\/2021\/07\/DSC_0087-2048x1362.jpg 2048w, https:\/\/hof-vogel.de\/wp-content\/uploads\/2021\/07\/DSC_0087-1200x798.jpg 1200w\" sizes=\"auto, (max-width: 709px) 85vw, (max-width: 909px) 67vw, (max-width: 1362px) 62vw, 840px\" \/><\/figure><div class=\"wp-block-media-text__content\">\n<p class=\"has-text-align-center\">Bei uns bekommen Sie Ihr Fr\u00fchst\u00fccksei-<br><\/p>\n\n\n\n<p class=\"has-text-align-center\"> <em>Fair aus dem H\u00fchnermobil.<\/em><br><\/p>\n<\/div><\/div>\n\n\n\n<div class=\"wp-block-media-text alignwide is-stacked-on-mobile\"><figure class=\"wp-block-media-text__media\"><img loading=\"lazy\" decoding=\"async\" width=\"1024\" height=\"576\" src=\"http:\/\/hof-vogel.de\/wp-content\/uploads\/2019\/01\/landwirtschaft-1024x576.jpg\" alt=\"\" class=\"wp-image-47 size-full\" srcset=\"https:\/\/hof-vogel.de\/wp-content\/uploads\/2019\/01\/landwirtschaft-1024x576.jpg 1024w, https:\/\/hof-vogel.de\/wp-content\/uploads\/2019\/01\/landwirtschaft-300x169.jpg 300w, https:\/\/hof-vogel.de\/wp-content\/uploads\/2019\/01\/landwirtschaft-768x432.jpg 768w, https:\/\/hof-vogel.de\/wp-content\/uploads\/2019\/01\/landwirtschaft-800x450.jpg 800w\" sizes=\"auto, (max-width: 709px) 85vw, (max-width: 909px) 67vw, (max-width: 1362px) 62vw, 840px\" \/><\/figure><div class=\"wp-block-media-text__content\">\n<p class=\"has-text-align-center\">Wir erzeugen <br>Lebensmittel h\u00f6chster Qualit\u00e4t.<br><\/p>\n<\/div><\/div>\n\n\n\n<div class=\"wp-block-media-text alignwide is-stacked-on-mobile\"><figure class=\"wp-block-media-text__media\"><img loading=\"lazy\" decoding=\"async\" width=\"1024\" height=\"678\" src=\"https:\/\/hof-vogel.de\/wp-content\/uploads\/2019\/02\/2017-10-H\u00f6rndler-FWB-1-1024x678.jpg\" alt=\"\" class=\"wp-image-154 size-full\" srcset=\"https:\/\/hof-vogel.de\/wp-content\/uploads\/2019\/02\/2017-10-H\u00f6rndler-FWB-1-1024x678.jpg 1024w, https:\/\/hof-vogel.de\/wp-content\/uploads\/2019\/02\/2017-10-H\u00f6rndler-FWB-1-300x199.jpg 300w, https:\/\/hof-vogel.de\/wp-content\/uploads\/2019\/02\/2017-10-H\u00f6rndler-FWB-1-768x509.jpg 768w, https:\/\/hof-vogel.de\/wp-content\/uploads\/2019\/02\/2017-10-H\u00f6rndler-FWB-1-1200x795.jpg 1200w\" sizes=\"auto, (max-width: 709px) 85vw, (max-width: 909px) 67vw, (max-width: 1362px) 62vw, 840px\" \/><\/figure><div class=\"wp-block-media-text__content\">\n<p class=\"has-text-align-center\">Schauen Sie einfach an unseren Verkaufsst\u00e4nden vorbei.<br><\/p>\n<\/div><\/div>\n\n\n\n<p class=\"has-text-align-center\">Ihre<br><em>Familie Vogel<\/em><br><\/p>\n\n\n\n<figure class=\"wp-block-image size-large\"><img loading=\"lazy\" decoding=\"async\" width=\"2560\" height=\"1702\" src=\"https:\/\/hof-vogel.de\/wp-content\/uploads\/2021\/07\/DSC_0107-edited-scaled.jpg\" alt=\"\" class=\"wp-image-245\" srcset=\"https:\/\/hof-vogel.de\/wp-content\/uploads\/2021\/07\/DSC_0107-edited-scaled.jpg 2560w, https:\/\/hof-vogel.de\/wp-content\/uploads\/2021\/07\/DSC_0107-edited-300x199.jpg 300w, https:\/\/hof-vogel.de\/wp-content\/uploads\/2021\/07\/DSC_0107-edited-1024x681.jpg 1024w, https:\/\/hof-vogel.de\/wp-content\/uploads\/2021\/07\/DSC_0107-edited-768x511.jpg 768w, https:\/\/hof-vogel.de\/wp-content\/uploads\/2021\/07\/DSC_0107-edited-1536x1021.jpg 1536w, https:\/\/hof-vogel.de\/wp-content\/uploads\/2021\/07\/DSC_0107-edited-2048x1362.jpg 2048w, https:\/\/hof-vogel.de\/wp-content\/uploads\/2021\/07\/DSC_0107-edited-1200x798.jpg 1200w\" sizes=\"auto, (max-width: 709px) 85vw, (max-width: 909px) 67vw, (max-width: 1362px) 62vw, 840px\" \/><\/figure>\n\n\n\n<p>Tamara und Johannes mit Tochter Eva und Hund Anne<\/p>\n\n\n","protected":false},"excerpt":{"rendered":"<p>Bei uns bekommen Sie Ihr Fr\u00fchst\u00fccksei- Fair aus dem H\u00fchnermobil. Wir erzeugen Lebensmittel h\u00f6chster Qualit\u00e4t. Schauen Sie einfach an unseren Verkaufsst\u00e4nden vorbei. IhreFamilie Vogel Tamara und Johannes mit Tochter Eva und Hund Anne<\/p>\n","protected":false},"author":1,"featured_media":0,"parent":0,"menu_order":0,"comment_status":"closed","ping_status":"closed","template":"","meta":{"footnotes":""},"class_list":["post-11","page","type-page","status-publish","hentry"],"yoast_head":"<!-- This site is optimized with the Yoast SEO plugin v27.4 - https:\/\/yoast.com\/product\/yoast-seo-wordpress\/ -->\n<title>Herzlich Willkommen! - Hof Vogel<\/title>\n<meta name=\"robots\" content=\"index, follow, max-snippet:-1, max-image-preview:large, max-video-preview:-1\" \/>\n<link rel=\"canonical\" href=\"https:\/\/hof-vogel.de\/\" \/>\n<meta property=\"og:locale\" content=\"de_DE\" \/>\n<meta property=\"og:type\" content=\"article\" \/>\n<meta property=\"og:title\" content=\"Herzlich Willkommen! - Hof Vogel\" \/>\n<meta property=\"og:description\" content=\"Bei uns bekommen Sie Ihr Fr\u00fchst\u00fccksei- Fair aus dem H\u00fchnermobil. Wir erzeugen Lebensmittel h\u00f6chster Qualit\u00e4t. Schauen Sie einfach an unseren Verkaufsst\u00e4nden vorbei. IhreFamilie Vogel Tamara und Johannes mit Tochter Eva und Hund Anne\" \/>\n<meta property=\"og:url\" content=\"https:\/\/hof-vogel.de\/\" \/>\n<meta property=\"og:site_name\" content=\"Hof Vogel\" \/>\n<meta property=\"article:modified_time\" content=\"2023-05-09T14:39:15+00:00\" \/>\n<meta property=\"og:image\" content=\"https:\/\/hof-vogel.de\/wp-content\/uploads\/2023\/05\/cropped-Header_Villa_Huehnerglueck-scaled-1-1024x300.jpeg\" \/>\n<meta name=\"twitter:card\" content=\"summary_large_image\" \/>\n<meta name=\"twitter:label1\" content=\"Gesch\u00e4tzte Lesezeit\" \/>\n\t<meta name=\"twitter:data1\" content=\"2\u00a0Minuten\" \/>\n<script type=\"application\/ld+json\" class=\"yoast-schema-graph\">{\"@context\":\"https:\\\/\\\/schema.org\",\"@graph\":[{\"@type\":\"WebPage\",\"@id\":\"https:\\\/\\\/hof-vogel.de\\\/\",\"url\":\"https:\\\/\\\/hof-vogel.de\\\/\",\"name\":\"Herzlich Willkommen! - Hof Vogel\",\"isPartOf\":{\"@id\":\"https:\\\/\\\/hof-vogel.de\\\/#website\"},\"primaryImageOfPage\":{\"@id\":\"https:\\\/\\\/hof-vogel.de\\\/#primaryimage\"},\"image\":{\"@id\":\"https:\\\/\\\/hof-vogel.de\\\/#primaryimage\"},\"thumbnailUrl\":\"https:\\\/\\\/hof-vogel.de\\\/wp-content\\\/uploads\\\/2023\\\/05\\\/cropped-Header_Villa_Huehnerglueck-scaled-1-1024x300.jpeg\",\"datePublished\":\"2019-01-16T09:28:44+00:00\",\"dateModified\":\"2023-05-09T14:39:15+00:00\",\"breadcrumb\":{\"@id\":\"https:\\\/\\\/hof-vogel.de\\\/#breadcrumb\"},\"inLanguage\":\"de\",\"potentialAction\":[{\"@type\":\"ReadAction\",\"target\":[\"https:\\\/\\\/hof-vogel.de\\\/\"]}]},{\"@type\":\"ImageObject\",\"inLanguage\":\"de\",\"@id\":\"https:\\\/\\\/hof-vogel.de\\\/#primaryimage\",\"url\":\"https:\\\/\\\/hof-vogel.de\\\/wp-content\\\/uploads\\\/2023\\\/05\\\/cropped-Header_Villa_Huehnerglueck-scaled-1-1024x300.jpeg\",\"contentUrl\":\"https:\\\/\\\/hof-vogel.de\\\/wp-content\\\/uploads\\\/2023\\\/05\\\/cropped-Header_Villa_Huehnerglueck-scaled-1-1024x300.jpeg\"},{\"@type\":\"BreadcrumbList\",\"@id\":\"https:\\\/\\\/hof-vogel.de\\\/#breadcrumb\",\"itemListElement\":[{\"@type\":\"ListItem\",\"position\":1,\"name\":\"Startseite\",\"item\":\"https:\\\/\\\/hof-vogel.de\\\/\"},{\"@type\":\"ListItem\",\"position\":2,\"name\":\"Herzlich Willkommen!\"}]},{\"@type\":\"WebSite\",\"@id\":\"https:\\\/\\\/hof-vogel.de\\\/#website\",\"url\":\"https:\\\/\\\/hof-vogel.de\\\/\",\"name\":\"Hof Vogel\",\"description\":\"\",\"publisher\":{\"@id\":\"https:\\\/\\\/hof-vogel.de\\\/#organization\"},\"potentialAction\":[{\"@type\":\"SearchAction\",\"target\":{\"@type\":\"EntryPoint\",\"urlTemplate\":\"https:\\\/\\\/hof-vogel.de\\\/?s={search_term_string}\"},\"query-input\":{\"@type\":\"PropertyValueSpecification\",\"valueRequired\":true,\"valueName\":\"search_term_string\"}}],\"inLanguage\":\"de\"},{\"@type\":\"Organization\",\"@id\":\"https:\\\/\\\/hof-vogel.de\\\/#organization\",\"name\":\"Hof Vogel\",\"url\":\"https:\\\/\\\/hof-vogel.de\\\/\",\"logo\":{\"@type\":\"ImageObject\",\"inLanguage\":\"de\",\"@id\":\"https:\\\/\\\/hof-vogel.de\\\/#\\\/schema\\\/logo\\\/image\\\/\",\"url\":\"https:\\\/\\\/hof-vogel.de\\\/wp-content\\\/uploads\\\/2019\\\/02\\\/Villa-H\u00fchnergl\u00fcck_Logo_Zeichenfl\u00e4che-1.png\",\"contentUrl\":\"https:\\\/\\\/hof-vogel.de\\\/wp-content\\\/uploads\\\/2019\\\/02\\\/Villa-H\u00fchnergl\u00fcck_Logo_Zeichenfl\u00e4che-1.png\",\"width\":2341,\"height\":1997,\"caption\":\"Hof Vogel\"},\"image\":{\"@id\":\"https:\\\/\\\/hof-vogel.de\\\/#\\\/schema\\\/logo\\\/image\\\/\"}}]}<\/script>\n<!-- \/ Yoast SEO plugin. -->","yoast_head_json":{"title":"Herzlich Willkommen! - Hof Vogel","robots":{"index":"index","follow":"follow","max-snippet":"max-snippet:-1","max-image-preview":"max-image-preview:large","max-video-preview":"max-video-preview:-1"},"canonical":"https:\/\/hof-vogel.de\/","og_locale":"de_DE","og_type":"article","og_title":"Herzlich Willkommen! - Hof Vogel","og_description":"Bei uns bekommen Sie Ihr Fr\u00fchst\u00fccksei- Fair aus dem H\u00fchnermobil. Wir erzeugen Lebensmittel h\u00f6chster Qualit\u00e4t. Schauen Sie einfach an unseren Verkaufsst\u00e4nden vorbei. IhreFamilie Vogel Tamara und Johannes mit Tochter Eva und Hund Anne","og_url":"https:\/\/hof-vogel.de\/","og_site_name":"Hof Vogel","article_modified_time":"2023-05-09T14:39:15+00:00","og_image":[{"url":"https:\/\/hof-vogel.de\/wp-content\/uploads\/2023\/05\/cropped-Header_Villa_Huehnerglueck-scaled-1-1024x300.jpeg","type":"","width":"","height":""}],"twitter_card":"summary_large_image","twitter_misc":{"Gesch\u00e4tzte Lesezeit":"2\u00a0Minuten"},"schema":{"@context":"https:\/\/schema.org","@graph":[{"@type":"WebPage","@id":"https:\/\/hof-vogel.de\/","url":"https:\/\/hof-vogel.de\/","name":"Herzlich Willkommen! - Hof Vogel","isPartOf":{"@id":"https:\/\/hof-vogel.de\/#website"},"primaryImageOfPage":{"@id":"https:\/\/hof-vogel.de\/#primaryimage"},"image":{"@id":"https:\/\/hof-vogel.de\/#primaryimage"},"thumbnailUrl":"https:\/\/hof-vogel.de\/wp-content\/uploads\/2023\/05\/cropped-Header_Villa_Huehnerglueck-scaled-1-1024x300.jpeg","datePublished":"2019-01-16T09:28:44+00:00","dateModified":"2023-05-09T14:39:15+00:00","breadcrumb":{"@id":"https:\/\/hof-vogel.de\/#breadcrumb"},"inLanguage":"de","potentialAction":[{"@type":"ReadAction","target":["https:\/\/hof-vogel.de\/"]}]},{"@type":"ImageObject","inLanguage":"de","@id":"https:\/\/hof-vogel.de\/#primaryimage","url":"https:\/\/hof-vogel.de\/wp-content\/uploads\/2023\/05\/cropped-Header_Villa_Huehnerglueck-scaled-1-1024x300.jpeg","contentUrl":"https:\/\/hof-vogel.de\/wp-content\/uploads\/2023\/05\/cropped-Header_Villa_Huehnerglueck-scaled-1-1024x300.jpeg"},{"@type":"BreadcrumbList","@id":"https:\/\/hof-vogel.de\/#breadcrumb","itemListElement":[{"@type":"ListItem","position":1,"name":"Startseite","item":"https:\/\/hof-vogel.de\/"},{"@type":"ListItem","position":2,"name":"Herzlich Willkommen!"}]},{"@type":"WebSite","@id":"https:\/\/hof-vogel.de\/#website","url":"https:\/\/hof-vogel.de\/","name":"Hof Vogel","description":"","publisher":{"@id":"https:\/\/hof-vogel.de\/#organization"},"potentialAction":[{"@type":"SearchAction","target":{"@type":"EntryPoint","urlTemplate":"https:\/\/hof-vogel.de\/?s={search_term_string}"},"query-input":{"@type":"PropertyValueSpecification","valueRequired":true,"valueName":"search_term_string"}}],"inLanguage":"de"},{"@type":"Organization","@id":"https:\/\/hof-vogel.de\/#organization","name":"Hof Vogel","url":"https:\/\/hof-vogel.de\/","logo":{"@type":"ImageObject","inLanguage":"de","@id":"https:\/\/hof-vogel.de\/#\/schema\/logo\/image\/","url":"https:\/\/hof-vogel.de\/wp-content\/uploads\/2019\/02\/Villa-H\u00fchnergl\u00fcck_Logo_Zeichenfl\u00e4che-1.png","contentUrl":"https:\/\/hof-vogel.de\/wp-content\/uploads\/2019\/02\/Villa-H\u00fchnergl\u00fcck_Logo_Zeichenfl\u00e4che-1.png","width":2341,"height":1997,"caption":"Hof Vogel"},"image":{"@id":"https:\/\/hof-vogel.de\/#\/schema\/logo\/image\/"}}]}},"_links":{"self":[{"href":"https:\/\/hof-vogel.de\/index.php?rest_route=\/wp\/v2\/pages\/11","targetHints":{"allow":["GET"]}}],"collection":[{"href":"https:\/\/hof-vogel.de\/index.php?rest_route=\/wp\/v2\/pages"}],"about":[{"href":"https:\/\/hof-vogel.de\/index.php?rest_route=\/wp\/v2\/types\/page"}],"author":[{"embeddable":true,"href":"https:\/\/hof-vogel.de\/index.php?rest_route=\/wp\/v2\/users\/1"}],"replies":[{"embeddable":true,"href":"https:\/\/hof-vogel.de\/index.php?rest_route=%2Fwp%2Fv2%2Fcomments&post=11"}],"version-history":[{"count":18,"href":"https:\/\/hof-vogel.de\/index.php?rest_route=\/wp\/v2\/pages\/11\/revisions"}],"predecessor-version":[{"id":296,"href":"https:\/\/hof-vogel.de\/index.php?rest_route=\/wp\/v2\/pages\/11\/revisions\/296"}],"wp:attachment":[{"href":"https:\/\/hof-vogel.de\/index.php?rest_route=%2Fwp%2Fv2%2Fmedia&parent=11"}],"curies":[{"name":"wp","href":"https:\/\/api.w.org\/{rel}","templated":true}]}}